{"id":2560,"date":"2021-03-26T09:09:07","date_gmt":"2021-03-26T07:09:07","guid":{"rendered":"https:\/\/cancer.itk.ee\/?page_id=2560"},"modified":"2021-04-27T07:42:15","modified_gmt":"2021-04-27T05:42:15","slug":"teadustoo","status":"publish","type":"page","link":"https:\/\/cancer.itk.ee\/ru\/meist\/teadustoo\/","title":{"rendered":"\u041d\u0430\u0443\u0447\u043d\u0430\u044f \u0440\u0430\u0431\u043e\u0442\u0430"},"content":{"rendered":"<div data-elementor-type=\"wp-page\" data-elementor-id=\"2560\" class=\"elementor elementor-2560\" data-elementor-post-type=\"page\">\n\t\t\t\t\t\t<section class=\"elementor-section elementor-top-section elementor-element elementor-element-9894fdb elementor-section-boxed elementor-section-height-default elementor-section-height-default\" data-id=\"9894fdb\" data-element_type=\"section\" data-e-type=\"section\" data-settings=\"{&quot;background_background&quot;:&quot;classic&quot;}\">\n\t\t\t\t\t\t<div class=\"elementor-container elementor-column-gap-default\">\n\t\t\t\t\t<div class=\"elementor-column elementor-col-100 elementor-top-column elementor-element elementor-element-e076f25\" data-id=\"e076f25\" data-element_type=\"column\" data-e-type=\"column\">\n\t\t\t<div class=\"elementor-widget-wrap elementor-element-populated\">\n\t\t\t\t\t\t<section class=\"elementor-section elementor-inner-section elementor-element elementor-element-b80906a elementor-section-boxed elementor-section-height-default elementor-section-height-default\" data-id=\"b80906a\" data-element_type=\"section\" data-e-type=\"section\">\n\t\t\t\t\t\t<div class=\"elementor-container elementor-column-gap-default\">\n\t\t\t\t\t<div class=\"elementor-column elementor-col-100 elementor-inner-column elementor-element elementor-element-5985ea0\" data-id=\"5985ea0\" data-element_type=\"column\" data-e-type=\"column\">\n\t\t\t<div class=\"elementor-widget-wrap elementor-element-populated\">\n\t\t\t\t\t\t<div class=\"elementor-element elementor-element-e854b01 elementor-widget elementor-widget-heading\" data-id=\"e854b01\" data-element_type=\"widget\" data-e-type=\"widget\" data-widget_type=\"heading.default\">\n\t\t\t\t<div class=\"elementor-widget-container\">\n\t\t\t\t\t<h1 class=\"elementor-heading-title elementor-size-default\">\u041d\u0430\u0443\u0447\u043d\u0430\u044f \u0440\u0430\u0431\u043e\u0442\u0430<\/h1>\t\t\t\t<\/div>\n\t\t\t\t<\/div>\n\t\t\t\t<div class=\"elementor-element elementor-element-ccd7baf elementor-widget elementor-widget-html\" data-id=\"ccd7baf\" data-element_type=\"widget\" data-e-type=\"widget\" data-widget_type=\"html.default\">\n\t\t\t\t<div class=\"elementor-widget-container\">\n\t\t\t\t\t<div class=\"ast-breadcrumbs-wrapper\">\n\t\t\t<div class=\"ast-breadcrumbs-inner\"><nav role=\"navigation\" aria-label=\"\u041d\u0430\u0432\u0438\u0433\u0430\u0446\u0438\u043e\u043d\u043d\u044b\u0435 \u0446\u0435\u043f\u043e\u0447\u043a\u0438\" class=\"breadcrumb-trail breadcrumbs\" ><div class=\"ast-breadcrumbs\"><ul class=\"trail-items\" ><li  class=\"trail-item trail-end\"><span><a href=\"https:\/\/cancer.itk.ee\/ru\/\" rel=\"home\"><span >\u0413\u043b\u0430\u0432\u043d\u0430\u044f<\/span><\/a><\/span><\/li><\/ul><\/div><\/nav><\/div>\n\t\t<\/div>\t\t\t\t<\/div>\n\t\t\t\t<\/div>\n\t\t\t\t<div class=\"elementor-element elementor-element-8fe61d5 elementor-widget elementor-widget-text-editor\" data-id=\"8fe61d5\" data-element_type=\"widget\" data-e-type=\"widget\" data-widget_type=\"text-editor.default\">\n\t\t\t\t<div class=\"elementor-widget-container\">\n\t\t\t\t\t\t\t\t\t<p class=\"translation-block\">\u041d\u0430\u0448\u0430 \u0431\u043e\u043b\u044c\u043d\u0438\u0446\u0430 \u044f\u0432\u043b\u044f\u0435\u0442\u0441\u044f \u0431\u043e\u043b\u044c\u043d\u0438\u0446\u0435\u0439, \u043a\u043e\u0442\u043e\u0440\u0430\u044f \u043e\u0431\u0443\u0447\u0430\u0435\u0442\u0441\u044f \u0438 \u0443\u0447\u0438\u0442. \u0412 \u043e\u043d\u043a\u043e\u043b\u043e\u0433\u0438\u0447\u0435\u0441\u043a\u043e\u043c \u0446\u0435\u043d\u0442\u0440\u0435 \u043e\u0431\u0443\u0447\u0435\u043d\u0438\u0435 \u043f\u043e \u0441\u043f\u0435\u0446\u0438\u0430\u043b\u044c\u043d\u043e\u0441\u0442\u0438 \u043f\u043e\u043b\u0443\u0447\u0430\u044e\u0442 \u0432\u0440\u0430\u0447\u0438-\u0440\u0435\u0437\u0438\u0434\u0435\u043d\u0442\u044b \u043f\u043e \u043e\u043d\u043a\u043e\u043b\u043e\u0433\u0438\u0438 \u0438 \u0434\u0440\u0443\u0433\u0438\u043c \u0441\u043f\u0435\u0446\u0438\u0430\u043b\u0438\u0437\u0430\u0446\u0438\u044f\u043c, \u0441\u0442\u0443\u0434\u0435\u043d\u0442\u044b \u043c\u0435\u0434\u0438\u0446\u0438\u043d\u0441\u043a\u043e\u0433\u043e \u0444\u0430\u043a\u0443\u043b\u044c\u0442\u0435\u0442\u0430 \u0432 \u0440\u0430\u043c\u043a\u0430\u0445 \u043f\u0440\u043e\u0445\u043e\u0436\u0434\u0435\u043d\u0438\u044f \u043e\u0431\u044f\u0437\u0430\u0442\u0435\u043b\u044c\u043d\u043e\u0439 \u043f\u0440\u0430\u043a\u0442\u0438\u043a\u0438, \u0441\u0442\u0443\u0434\u0435\u043d\u0442\u044b \u0441\u0435\u0441\u0442\u0440\u0438\u043d\u0441\u043a\u043e\u0439 \u0441\u043f\u0435\u0446\u0438\u0430\u043b\u044c\u043d\u043e\u0441\u0442\u0438 \u0432 \u0440\u0430\u043c\u043a\u0430\u0445 \u043f\u0440\u043e\u0445\u043e\u0436\u0434\u0435\u043d\u0438\u044f \u043f\u0440\u0430\u043a\u0442\u0438\u043a\u0438 \u043f\u043e \u0440\u0430\u0437\u043d\u044b\u043c \u043a\u0443\u0440\u0441\u0430\u043c (\u043f\u0440\u0430\u043a\u0442\u0438\u043a\u0430 1-\u0433\u043e \u0438 4-\u0433\u043e \u0433\u043e\u0434\u0430 \u043e\u0431\u0443\u0447\u0435\u043d\u0438\u044f). \u0412\u0440\u0430\u0447\u0438 \u0438 \u043c\u0435\u0434\u0441\u0435\u0441\u0442\u0440\u044b \u0431\u043e\u043b\u044c\u043d\u0438\u0446\u044b \u0432\u044b\u0441\u0442\u0443\u043f\u0430\u044e\u0442 \u0432 \u043a\u0430\u0447\u0435\u0441\u0442\u0432\u0435 \u043b\u0435\u043a\u0442\u043e\u0440\u043e\u0432 \u043d\u0430 \u0440\u0430\u0437\u043b\u0438\u0447\u043d\u044b\u0445 \u043a\u0443\u0440\u0441\u0430\u0445 \u043e\u0431\u0443\u0447\u0435\u043d\u0438\u044f, \u043a\u043e\u0442\u043e\u0440\u044b\u0435 \u043f\u0440\u043e\u0432\u043e\u0434\u0438\u0442 \u043d\u0430\u0448\u0430 \u0431\u043e\u043b\u044c\u043d\u0438\u0446\u0430.<\/p>\n<p>\u0427\u0438\u0441\u043b\u043e \u0438 \u0448\u0438\u0440\u043e\u043a\u0438\u0439 \u043f\u0440\u043e\u0444\u0438\u043b\u044c \u043e\u043d\u043a\u043e\u043b\u043e\u0433\u0438\u0447\u0435\u0441\u043a\u0438\u0445 \u0431\u043e\u043b\u044c\u043d\u044b\u0445 \u043f\u043e\u0437\u0432\u043e\u043b\u044f\u0435\u0442 \u043d\u0430\u043c \u0431\u044b\u0442\u044c \u043f\u0430\u0440\u0442\u043d\u0435\u0440\u043e\u043c \u0432 \u043c\u0435\u0436\u0434\u0443\u043d\u0430\u0440\u043e\u0434\u043d\u044b\u0445 \u0444\u0443\u043d\u0434\u0430\u043c\u0435\u043d\u0442\u0430\u043b\u044c\u043d\u044b\u0445 \u043e\u043d\u043a\u043e\u043b\u043e\u0433\u0438\u0447\u0435\u0441\u043a\u0438\u0445 \u0438\u0441\u0441\u043b\u0435\u0434\u043e\u0432\u0430\u043d\u0438\u044f\u0445, \u0430 \u0442\u0430\u043a\u0436\u0435 \u043f\u0440\u043e\u0432\u043e\u0434\u0438\u0442\u044c \u043a\u043b\u0438\u043d\u0438\u0447\u0435\u0441\u043a\u0438\u0435 \u0438\u0441\u0441\u043b\u0435\u0434\u043e\u0432\u0430\u043d\u0438\u044f, \u0438\u043d\u0438\u0446\u0438\u0438\u0440\u043e\u0432\u0430\u043d\u043d\u044b\u0435 \u043d\u0430\u0448\u0438\u043c\u0438 \u0432\u0440\u0430\u0447\u0430\u043c\u0438.<\/p>\n<p>\u041d\u0430\u0443\u0447\u043d\u0443\u044e \u0434\u0435\u044f\u0442\u0435\u043b\u044c\u043d\u043e\u0441\u0442\u044c \u043a\u043e\u043e\u0440\u0434\u0438\u043d\u0438\u0440\u0443\u0435\u0442 \u043d\u0430\u0443\u0447\u043d\u044b\u0439 \u043e\u0442\u0434\u0435\u043b \u043d\u0430\u0448\u0435\u0439 \u0431\u043e\u043b\u044c\u043d\u0438\u0446\u044b, \u043a\u043e\u0442\u043e\u0440\u044b\u0439 \u0433\u043b\u0430\u0432\u043d\u044b\u043c \u043e\u0431\u0440\u0430\u0437\u043e\u043c \u0437\u0430\u043d\u0438\u043c\u0430\u0435\u0442\u0441\u044f \u043e\u0441\u0443\u0449\u0435\u0441\u0442\u0432\u043b\u044f\u0435\u043c\u043e\u0439 \u0432 \u0431\u043e\u043b\u044c\u043d\u0438\u0446\u0435 \u043d\u0430\u0443\u0447\u043d\u043e\u0439 \u0438 \u0443\u0447\u0435\u0431\u043d\u043e\u0439 \u0434\u0435\u044f\u0442\u0435\u043b\u044c\u043d\u043e\u0441\u0442\u044c\u044e \u0438 \u043f\u043e\u0432\u044b\u0448\u0435\u043d\u0438\u0435\u043c \u0435\u0435 \u043a\u0430\u0447\u0435\u0441\u0442\u0432\u0430.<\/p>\n<p><b>\u041d\u0430\u0443\u0447\u043d\u044b\u0439 \u043e\u0442\u0434\u0435\u043b:<\/b><\/p>\n<ol>\n<li>\n<p>\u0441\u043e\u0434\u0435\u0439\u0441\u0442\u0432\u0443\u0435\u0442 \u043f\u0440\u043e\u0432\u0435\u0434\u0435\u043d\u0438\u044e \u0432 \u0431\u043e\u043b\u044c\u043d\u0438\u0446\u0435 \u043a\u043b\u0438\u043d\u0438\u0447\u0435\u0441\u043a\u0438\u0445 \u0438\u0441\u0441\u043b\u0435\u0434\u043e\u0432\u0430\u043d\u0438\u0439 \u0438 \u0438\u0441\u0441\u043b\u0435\u0434\u043e\u0432\u0430\u0442\u0435\u043b\u044c\u0441\u043a\u0438\u0445 \u0440\u0430\u0431\u043e\u0442;<\/p>\n<\/li>\n<li>\n<p>\u043f\u0440\u0435\u0434\u043b\u0430\u0433\u0430\u0435\u0442 \u043a\u0443\u0440\u0441\u044b \u043e\u0431\u0443\u0447\u0435\u043d\u0438\u044f \u0438 \u0438\u043d\u0434\u0438\u0432\u0438\u0434\u0443\u0430\u043b\u044c\u043d\u0443\u044e \u043f\u043e\u0434\u0434\u0435\u0440\u0436\u043a\u0443 \u0432 \u043f\u043e\u0438\u0441\u043a\u0435, \u0430\u043d\u0430\u043b\u0438\u0437\u0435 \u0438 \u0438\u043d\u0442\u0435\u0440\u043f\u0440\u0435\u0442\u0430\u0446\u0438\u0438 \u043d\u0430\u0443\u0447\u043d\u043e\u0439 \u043b\u0438\u0442\u0435\u0440\u0430\u0442\u0443\u0440\u044b;<\/p>\n<\/li>\n<li>\n<p>\u043f\u0440\u0435\u0434\u043b\u0430\u0433\u0430\u0435\u0442 \u0438\u043d\u0434\u0438\u0432\u0438\u0434\u0443\u0430\u043b\u044c\u043d\u0443\u044e \u043f\u043e\u0434\u0434\u0435\u0440\u0436\u043a\u0443 \u0432 \u043f\u043b\u0430\u043d\u0438\u0440\u043e\u0432\u0430\u043d\u0438\u0438, \u043f\u0440\u043e\u0432\u0435\u0434\u0435\u043d\u0438\u0438 \u0438 \u0430\u043d\u0430\u043b\u0438\u0437\u0435 \u0434\u0430\u043d\u043d\u044b\u0445 \u043d\u0430\u0443\u0447\u043d\u044b\u0445 \u0440\u0430\u0431\u043e\u0442;<\/p>\n<\/li>\n<li>\n<p>\u0443\u0447\u0430\u0441\u0442\u0432\u0443\u0435\u0442 \u0432 \u043f\u0440\u043e\u0441\u0432\u0435\u0449\u0435\u043d\u0438\u0438 \u043e\u0431\u0449\u0438\u043d\u044b, \u043f\u0440\u043e\u0432\u043e\u0434\u0438\u0442 \u0441\u043e\u0432\u043c\u0435\u0441\u0442\u043d\u044b\u0435 \u043f\u0440\u043e\u0435\u043a\u0442\u044b \u043c\u0435\u0434\u0438\u0446\u0438\u043d\u0441\u043a\u043e\u0439 \u043d\u0430\u043f\u0440\u0430\u0432\u043b\u0435\u043d\u043d\u043e\u0441\u0442\u0438 \u0432 \u0441\u0440\u0435\u0434\u043d\u0438\u0445 \u0448\u043a\u043e\u043b\u0430\u0445;<\/p>\n<\/li>\n<li>\n<p>\u043f\u0440\u0435\u0434\u043b\u0430\u0433\u0430\u0435\u0442 \u0438\u043d\u0434\u0438\u0432\u0438\u0434\u0443\u0430\u043b\u044c\u043d\u0443\u044e \u043f\u043e\u0434\u0434\u0435\u0440\u0436\u043a\u0443, \u043a\u0443\u0440\u0441\u044b \u043e\u0431\u0443\u0447\u0435\u043d\u0438\u044f \u0438 \u0438\u043d\u0444\u0440\u0430\u0441\u0442\u0440\u0443\u043a\u0442\u0443\u0440\u0443 \u0434\u043b\u044f \u043b\u0443\u0447\u0448\u0435\u0433\u043e \u043e\u0431\u0443\u0447\u0435\u043d\u0438\u044f \u0441\u0442\u0443\u0434\u0435\u043d\u0442\u043e\u0432 \u0438 \u0432\u0440\u0430\u0447\u0435\u0439-\u0440\u0435\u0437\u0438\u0434\u0435\u043d\u0442\u043e\u0432 \u043c\u0435\u0434\u0438\u0446\u0438\u043d\u0441\u043a\u043e\u0433\u043e \u0444\u0430\u043a\u0443\u043b\u044c\u0442\u0435\u0442\u0430.<\/p>\n<\/li>\n<\/ol>\n<p>\u041f\u0443\u0431\u043b\u0438\u043a\u0430\u0446\u0438\u0438 \u0440\u0430\u0431\u043e\u0442\u043d\u0438\u043a\u043e\u0432 \u0412\u043e\u0441\u0442\u043e\u0447\u043d\u043e-\u0422\u0430\u043b\u043b\u0438\u043d\u043d\u0441\u043a\u043e\u0439 \u0446\u0435\u043d\u0442\u0440\u0430\u043b\u044c\u043d\u043e\u0439 \u0431\u043e\u043b\u044c\u043d\u0438\u0446\u044b \u0434\u043e\u0441\u0442\u0443\u043f\u043d\u044b \u0432 \u042d\u0441\u0442\u043e\u043d\u0441\u043a\u043e\u0439 \u043d\u0430\u0443\u0447\u043d\u043e\u0439 \u0441\u0438\u0441\u0442\u0435\u043c\u0435&nbsp;<a href=\"https:\/\/www.etis.ee\/Portal\/Institutions\/Display\/6b5a20aa-863c-4ff8-bd77-f164bba0ea19?tabId=tab_Publications&amp;mode=Publications\" target=\"_blank\">ETIS<\/a>.<\/p>\t\t\t\t\t\t\t\t<\/div>\n\t\t\t\t<\/div>\n\t\t\t\t\t<\/div>\n\t\t<\/div>\n\t\t\t\t\t<\/div>\n\t\t<\/section>\n\t\t\t\t\t<\/div>\n\t\t<\/div>\n\t\t\t\t\t<\/div>\n\t\t<\/section>\n\t\t\t\t<\/div>","protected":false},"excerpt":{"rendered":"<p>Teadust\u00f6\u00f6 Meie haigla on \u00f5ppiv ja \u00f5petav haigla. Onkoloogiakeskuses saavad erialast \u00f5pet onkoloogia ja muude erialade arst-residendid, arstiteaduskonna tudengid kohustusliku praktika raames, \u00f5enduseriala \u00fcli\u00f5pilased erinevate kursuste praktikate raames (1. ja 4. aasta praktika). Haigla arstid ja \u00f5ed on lektoriteks erinevatel meie haigla poolt korraldatud&nbsp;koolitustel. Onkoloogiliste patsientide arv ja lai profiil v\u00f5imaldab meil olla partneriks rahvusvahelistes [&hellip;]<\/p>\n","protected":false},"author":3,"featured_media":0,"parent":183,"menu_order":0,"comment_status":"closed","ping_status":"closed","template":"","meta":{"om_disable_all_campaigns":false,"_monsterinsights_skip_tracking":false,"_monsterinsights_sitenote_active":false,"_monsterinsights_sitenote_note":"","_monsterinsights_sitenote_category":0,"site-sidebar-layout":"no-sidebar","site-content-layout":"page-builder","ast-site-content-layout":"default","site-content-style":"default","site-sidebar-style":"default","ast-global-header-display":"","ast-banner-title-visibility":"","ast-main-header-display":"","ast-hfb-above-header-display":"","ast-hfb-below-header-display":"","ast-hfb-mobile-header-display":"","site-post-title":"disabled","ast-breadcrumbs-content":"disabled","ast-featured-img":"disabled","footer-sml-layout":"","ast-disable-related-posts":"","theme-transparent-header-meta":"default","adv-header-id-meta":"","stick-header-meta":"","header-above-stick-meta":"","header-main-stick-meta":"","header-below-stick-meta":"","astra-migrate-meta-layouts":"default","ast-page-background-enabled":"default","ast-page-background-meta":{"desktop":{"background-color":"","background-image":"","background-repeat":"repeat","background-position":"center center","background-size":"auto","background-attachment":"scroll","background-type":"","background-media":"","overlay-type":"","overlay-color":"","overlay-opacity":"","overlay-gradient":""},"tablet":{"background-color":"","background-image":"","background-repeat":"repeat","background-position":"center center","background-size":"auto","background-attachment":"scroll","background-type":"","background-media":"","overlay-type":"","overlay-color":"","overlay-opacity":"","overlay-gradient":""},"mobile":{"background-color":"","background-image":"","background-repeat":"repeat","background-position":"center center","background-size":"auto","background-attachment":"scroll","background-type":"","background-media":"","overlay-type":"","overlay-color":"","overlay-opacity":"","overlay-gradient":""}},"ast-content-background-meta":{"desktop":{"background-color":"var(--ast-global-color-5)","background-image":"","background-repeat":"repeat","background-position":"center center","background-size":"auto","background-attachment":"scroll","background-type":"","background-media":"","overlay-type":"","overlay-color":"","overlay-opacity":"","overlay-gradient":""},"tablet":{"background-color":"var(--ast-global-color-5)","background-image":"","background-repeat":"repeat","background-position":"center center","background-size":"auto","background-attachment":"scroll","background-type":"","background-media":"","overlay-type":"","overlay-color":"","overlay-opacity":"","overlay-gradient":""},"mobile":{"background-color":"var(--ast-global-color-5)","background-image":"","background-repeat":"repeat","background-position":"center center","background-size":"auto","background-attachment":"scroll","background-type":"","background-media":"","overlay-type":"","overlay-color":"","overlay-opacity":"","overlay-gradient":""}},"cybocfi_hide_featured_image":"","footnotes":""},"class_list":["post-2560","page","type-page","status-publish","hentry"],"aioseo_notices":[],"yoast_head":"<!-- This site is optimized with the Yoast SEO plugin v27.4 - https:\/\/yoast.com\/product\/yoast-seo-wordpress\/ -->\n<title>Teadust\u00f6\u00f6 - Ida-Tallinna Keskhaigla<\/title>\n<meta name=\"description\" content=\"Onkoloogiliste patsientide arv ja lai profiil v\u00f5imaldab meil olla partneriks rahvusvahelistes baasonkoloogilistes uuringutes, t\u00f6\u00f6s on ka meie arstide algatatud kliinilised uurimist\u00f6\u00f6d.\" \/>\n<meta name=\"robots\" content=\"index, follow, max-snippet:-1, max-image-preview:large, max-video-preview:-1\" \/>\n<link rel=\"canonical\" href=\"https:\/\/cancer.itk.ee\/ru\/meist\/teadustoo\/\" \/>\n<meta property=\"og:locale\" content=\"ru_RU\" \/>\n<meta property=\"og:type\" content=\"article\" \/>\n<meta property=\"og:title\" content=\"Teadust\u00f6\u00f6 - Ida-Tallinna Keskhaigla\" \/>\n<meta property=\"og:description\" content=\"Onkoloogiliste patsientide arv ja lai profiil v\u00f5imaldab meil olla partneriks rahvusvahelistes baasonkoloogilistes uuringutes, t\u00f6\u00f6s on ka meie arstide algatatud kliinilised uurimist\u00f6\u00f6d.\" \/>\n<meta property=\"og:url\" content=\"https:\/\/cancer.itk.ee\/ru\/meist\/teadustoo\/\" \/>\n<meta property=\"og:site_name\" content=\"Ida-Tallinna Keskhaigla\" \/>\n<meta property=\"article:publisher\" content=\"https:\/\/www.facebook.com\/Keskhaigla\" \/>\n<meta property=\"article:modified_time\" content=\"2021-04-27T05:42:15+00:00\" \/>\n<meta name=\"twitter:card\" content=\"summary_large_image\" \/>\n<meta name=\"twitter:label1\" content=\"\u041f\u0440\u0438\u043c\u0435\u0440\u043d\u043e\u0435 \u0432\u0440\u0435\u043c\u044f \u0434\u043b\u044f \u0447\u0442\u0435\u043d\u0438\u044f\" \/>\n\t<meta name=\"twitter:data1\" content=\"1 \u043c\u0438\u043d\u0443\u0442\u0430\" \/>\n<script type=\"application\/ld+json\" class=\"yoast-schema-graph\">{\"@context\":\"https:\\\/\\\/schema.org\",\"@graph\":[{\"@type\":\"WebPage\",\"@id\":\"https:\\\/\\\/cancer.itk.ee\\\/meist\\\/teadustoo\\\/\",\"url\":\"https:\\\/\\\/cancer.itk.ee\\\/meist\\\/teadustoo\\\/\",\"name\":\"Teadust\u00f6\u00f6 - Ida-Tallinna Keskhaigla\",\"isPartOf\":{\"@id\":\"https:\\\/\\\/cancer.itk.ee\\\/#website\"},\"datePublished\":\"2021-03-26T07:09:07+00:00\",\"dateModified\":\"2021-04-27T05:42:15+00:00\",\"description\":\"Onkoloogiliste patsientide arv ja lai profiil v\u00f5imaldab meil olla partneriks rahvusvahelistes baasonkoloogilistes uuringutes, t\u00f6\u00f6s on ka meie arstide algatatud kliinilised uurimist\u00f6\u00f6d.\",\"breadcrumb\":{\"@id\":\"https:\\\/\\\/cancer.itk.ee\\\/meist\\\/teadustoo\\\/#breadcrumb\"},\"inLanguage\":\"ru-RU\",\"potentialAction\":[{\"@type\":\"ReadAction\",\"target\":[\"https:\\\/\\\/cancer.itk.ee\\\/meist\\\/teadustoo\\\/\"]}]},{\"@type\":\"BreadcrumbList\",\"@id\":\"https:\\\/\\\/cancer.itk.ee\\\/meist\\\/teadustoo\\\/#breadcrumb\",\"itemListElement\":[{\"@type\":\"ListItem\",\"position\":1,\"name\":\"Avaleht\",\"item\":\"https:\\\/\\\/cancer.itk.ee\\\/\"},{\"@type\":\"ListItem\",\"position\":2,\"name\":\"Meist\",\"item\":\"https:\\\/\\\/cancer.itk.ee\\\/meist\\\/\"},{\"@type\":\"ListItem\",\"position\":3,\"name\":\"Teadust\u00f6\u00f6\"}]},{\"@type\":\"WebSite\",\"@id\":\"https:\\\/\\\/cancer.itk.ee\\\/#website\",\"url\":\"https:\\\/\\\/cancer.itk.ee\\\/\",\"name\":\"Ida-Tallinna Keskhaigla\",\"description\":\"V\u00e4hiravi\",\"publisher\":{\"@id\":\"https:\\\/\\\/cancer.itk.ee\\\/#organization\"},\"potentialAction\":[{\"@type\":\"SearchAction\",\"target\":{\"@type\":\"EntryPoint\",\"urlTemplate\":\"https:\\\/\\\/cancer.itk.ee\\\/?s={search_term_string}\"},\"query-input\":{\"@type\":\"PropertyValueSpecification\",\"valueRequired\":true,\"valueName\":\"search_term_string\"}}],\"inLanguage\":\"ru-RU\"},{\"@type\":\"Organization\",\"@id\":\"https:\\\/\\\/cancer.itk.ee\\\/#organization\",\"name\":\"Ida-Tallinna Keskhaigla\",\"url\":\"https:\\\/\\\/cancer.itk.ee\\\/\",\"logo\":{\"@type\":\"ImageObject\",\"inLanguage\":\"ru-RU\",\"@id\":\"https:\\\/\\\/cancer.itk.ee\\\/#\\\/schema\\\/logo\\\/image\\\/\",\"url\":\"https:\\\/\\\/cancer.itk.ee\\\/wp-content\\\/uploads\\\/2021\\\/03\\\/cropped-itk-logo-right.png\",\"contentUrl\":\"https:\\\/\\\/cancer.itk.ee\\\/wp-content\\\/uploads\\\/2021\\\/03\\\/cropped-itk-logo-right.png\",\"width\":400,\"height\":173,\"caption\":\"Ida-Tallinna Keskhaigla\"},\"image\":{\"@id\":\"https:\\\/\\\/cancer.itk.ee\\\/#\\\/schema\\\/logo\\\/image\\\/\"},\"sameAs\":[\"https:\\\/\\\/www.facebook.com\\\/Keskhaigla\",\"https:\\\/\\\/www.instagram.com\\\/keskhaiglasunnitusmaja\\\/\",\"https:\\\/\\\/www.youtube.com\\\/channel\\\/UCA3iAAYkT6GAo0d9egRYSrQ\"]}]}<\/script>\n<!-- \/ Yoast SEO plugin. -->","yoast_head_json":{"title":"Teadust\u00f6\u00f6 - Ida-Tallinna Keskhaigla","description":"\u0427\u0438\u0441\u043b\u043e \u0438 \u0448\u0438\u0440\u043e\u043a\u0438\u0439 \u043f\u0440\u043e\u0444\u0438\u043b\u044c \u043e\u043d\u043a\u043e\u043b\u043e\u0433\u0438\u0447\u0435\u0441\u043a\u0438\u0445 \u0431\u043e\u043b\u044c\u043d\u044b\u0445 \u043f\u043e\u0437\u0432\u043e\u043b\u044f\u0435\u0442 \u043d\u0430\u043c \u0431\u044b\u0442\u044c \u043f\u0430\u0440\u0442\u043d\u0435\u0440\u043e\u043c \u0432 \u043c\u0435\u0436\u0434\u0443\u043d\u0430\u0440\u043e\u0434\u043d\u044b\u0445 \u0444\u0443\u043d\u0434\u0430\u043c\u0435\u043d\u0442\u0430\u043b\u044c\u043d\u044b\u0445 \u043e\u043d\u043a\u043e\u043b\u043e\u0433\u0438\u0447\u0435\u0441\u043a\u0438\u0445 \u0438\u0441\u0441\u043b\u0435\u0434\u043e\u0432\u0430\u043d\u0438\u044f\u0445, \u0430 \u0442\u0430\u043a\u0436\u0435 \u043f\u0440\u043e\u0432\u043e\u0434\u0438\u0442\u044c \u043a\u043b\u0438\u043d\u0438\u0447\u0435\u0441\u043a\u0438\u0435 \u0438\u0441\u0441\u043b\u0435\u0434\u043e\u0432\u0430\u043d\u0438\u044f, \u0438\u043d\u0438\u0446\u0438\u0438\u0440\u043e\u0432\u0430\u043d\u043d\u044b\u0435 \u043d\u0430\u0448\u0438\u043c\u0438 \u0432\u0440\u0430\u0447\u0430\u043c\u0438.","robots":{"index":"index","follow":"follow","max-snippet":"max-snippet:-1","max-image-preview":"max-image-preview:large","max-video-preview":"max-video-preview:-1"},"canonical":"https:\/\/cancer.itk.ee\/ru\/meist\/teadustoo\/","og_locale":"ru_RU","og_type":"article","og_title":"Teadust\u00f6\u00f6 - Ida-Tallinna Keskhaigla","og_description":"Onkoloogiliste patsientide arv ja lai profiil v\u00f5imaldab meil olla partneriks rahvusvahelistes baasonkoloogilistes uuringutes, t\u00f6\u00f6s on ka meie arstide algatatud kliinilised uurimist\u00f6\u00f6d.","og_url":"https:\/\/cancer.itk.ee\/ru\/meist\/teadustoo\/","og_site_name":"Ida-Tallinna Keskhaigla","article_publisher":"https:\/\/www.facebook.com\/Keskhaigla","article_modified_time":"2021-04-27T05:42:15+00:00","twitter_card":"summary_large_image","twitter_misc":{"\u041f\u0440\u0438\u043c\u0435\u0440\u043d\u043e\u0435 \u0432\u0440\u0435\u043c\u044f \u0434\u043b\u044f \u0447\u0442\u0435\u043d\u0438\u044f":"1 \u043c\u0438\u043d\u0443\u0442\u0430"},"schema":{"@context":"https:\/\/schema.org","@graph":[{"@type":"WebPage","@id":"https:\/\/cancer.itk.ee\/meist\/teadustoo\/","url":"https:\/\/cancer.itk.ee\/meist\/teadustoo\/","name":"Teadust\u00f6\u00f6 - Ida-Tallinna Keskhaigla","isPartOf":{"@id":"https:\/\/cancer.itk.ee\/#website"},"datePublished":"2021-03-26T07:09:07+00:00","dateModified":"2021-04-27T05:42:15+00:00","description":"\u0427\u0438\u0441\u043b\u043e \u0438 \u0448\u0438\u0440\u043e\u043a\u0438\u0439 \u043f\u0440\u043e\u0444\u0438\u043b\u044c \u043e\u043d\u043a\u043e\u043b\u043e\u0433\u0438\u0447\u0435\u0441\u043a\u0438\u0445 \u0431\u043e\u043b\u044c\u043d\u044b\u0445 \u043f\u043e\u0437\u0432\u043e\u043b\u044f\u0435\u0442 \u043d\u0430\u043c \u0431\u044b\u0442\u044c \u043f\u0430\u0440\u0442\u043d\u0435\u0440\u043e\u043c \u0432 \u043c\u0435\u0436\u0434\u0443\u043d\u0430\u0440\u043e\u0434\u043d\u044b\u0445 \u0444\u0443\u043d\u0434\u0430\u043c\u0435\u043d\u0442\u0430\u043b\u044c\u043d\u044b\u0445 \u043e\u043d\u043a\u043e\u043b\u043e\u0433\u0438\u0447\u0435\u0441\u043a\u0438\u0445 \u0438\u0441\u0441\u043b\u0435\u0434\u043e\u0432\u0430\u043d\u0438\u044f\u0445, \u0430 \u0442\u0430\u043a\u0436\u0435 \u043f\u0440\u043e\u0432\u043e\u0434\u0438\u0442\u044c \u043a\u043b\u0438\u043d\u0438\u0447\u0435\u0441\u043a\u0438\u0435 \u0438\u0441\u0441\u043b\u0435\u0434\u043e\u0432\u0430\u043d\u0438\u044f, \u0438\u043d\u0438\u0446\u0438\u0438\u0440\u043e\u0432\u0430\u043d\u043d\u044b\u0435 \u043d\u0430\u0448\u0438\u043c\u0438 \u0432\u0440\u0430\u0447\u0430\u043c\u0438.","breadcrumb":{"@id":"https:\/\/cancer.itk.ee\/meist\/teadustoo\/#breadcrumb"},"inLanguage":"ru-RU","potentialAction":[{"@type":"ReadAction","target":["https:\/\/cancer.itk.ee\/meist\/teadustoo\/"]}]},{"@type":"BreadcrumbList","@id":"https:\/\/cancer.itk.ee\/meist\/teadustoo\/#breadcrumb","itemListElement":[{"@type":"ListItem","position":1,"name":"Avaleht","item":"https:\/\/cancer.itk.ee\/"},{"@type":"ListItem","position":2,"name":"Meist","item":"https:\/\/cancer.itk.ee\/meist\/"},{"@type":"ListItem","position":3,"name":"Teadust\u00f6\u00f6"}]},{"@type":"WebSite","@id":"https:\/\/cancer.itk.ee\/#website","url":"https:\/\/cancer.itk.ee\/","name":"Ida-Tallinna Keskhaigla","description":"\u041b\u0435\u0447\u0435\u043d\u0438\u0435 \u0440\u0430\u043a\u0430","publisher":{"@id":"https:\/\/cancer.itk.ee\/#organization"},"potentialAction":[{"@type":"SearchAction","target":{"@type":"EntryPoint","urlTemplate":"https:\/\/cancer.itk.ee\/?s={search_term_string}"},"query-input":{"@type":"PropertyValueSpecification","valueRequired":true,"valueName":"search_term_string"}}],"inLanguage":"ru-RU"},{"@type":"Organization","@id":"https:\/\/cancer.itk.ee\/#organization","name":"Ida-Tallinna Keskhaigla","url":"https:\/\/cancer.itk.ee\/","logo":{"@type":"ImageObject","inLanguage":"ru-RU","@id":"https:\/\/cancer.itk.ee\/#\/schema\/logo\/image\/","url":"https:\/\/cancer.itk.ee\/wp-content\/uploads\/2021\/03\/cropped-itk-logo-right.png","contentUrl":"https:\/\/cancer.itk.ee\/wp-content\/uploads\/2021\/03\/cropped-itk-logo-right.png","width":400,"height":173,"caption":"Ida-Tallinna Keskhaigla"},"image":{"@id":"https:\/\/cancer.itk.ee\/#\/schema\/logo\/image\/"},"sameAs":["https:\/\/www.facebook.com\/Keskhaigla","https:\/\/www.instagram.com\/keskhaiglasunnitusmaja\/","https:\/\/www.youtube.com\/channel\/UCA3iAAYkT6GAo0d9egRYSrQ"]}]}},"_links":{"self":[{"href":"https:\/\/cancer.itk.ee\/ru\/wp-json\/wp\/v2\/pages\/2560","targetHints":{"allow":["GET"]}}],"collection":[{"href":"https:\/\/cancer.itk.ee\/ru\/wp-json\/wp\/v2\/pages"}],"about":[{"href":"https:\/\/cancer.itk.ee\/ru\/wp-json\/wp\/v2\/types\/page"}],"author":[{"embeddable":true,"href":"https:\/\/cancer.itk.ee\/ru\/wp-json\/wp\/v2\/users\/3"}],"replies":[{"embeddable":true,"href":"https:\/\/cancer.itk.ee\/ru\/wp-json\/wp\/v2\/comments?post=2560"}],"version-history":[{"count":11,"href":"https:\/\/cancer.itk.ee\/ru\/wp-json\/wp\/v2\/pages\/2560\/revisions"}],"predecessor-version":[{"id":5252,"href":"https:\/\/cancer.itk.ee\/ru\/wp-json\/wp\/v2\/pages\/2560\/revisions\/5252"}],"up":[{"embeddable":true,"href":"https:\/\/cancer.itk.ee\/ru\/wp-json\/wp\/v2\/pages\/183"}],"wp:attachment":[{"href":"https:\/\/cancer.itk.ee\/ru\/wp-json\/wp\/v2\/media?parent=2560"}],"curies":[{"name":"wp","href":"https:\/\/api.w.org\/{rel}","templated":true}]}}